{"id":1731,"date":"2024-09-04T16:29:03","date_gmt":"2024-09-04T16:29:03","guid":{"rendered":"https:\/\/www.liveperformance.ro\/?page_id=1731"},"modified":"2025-02-01T13:40:41","modified_gmt":"2025-02-01T11:40:41","slug":"facilitati","status":"publish","type":"page","link":"https:\/\/www.liveperformance.ro\/en\/facilitati\/","title":{"rendered":"Facilities"},"content":{"rendered":"<div data-elementor-type=\"wp-page\" data-elementor-id=\"1731\" class=\"elementor elementor-1731\">\n\t\t\t\t\t\t<section class=\"elementor-section elementor-top-section elementor-element elementor-element-9cf0552 elementor-section-boxed elementor-section-height-default elementor-section-height-default\" data-id=\"9cf0552\" data-element_type=\"section\" data-e-type=\"section\" data-settings=\"{&quot;background_background&quot;:&quot;classic&quot;}\">\n\t\t\t\t\t\t<div class=\"elementor-container elementor-column-gap-default\">\n\t\t\t\t\t<div class=\"elementor-column elementor-col-100 elementor-top-column elementor-element elementor-element-4587ed6\" data-id=\"4587ed6\" data-element_type=\"column\" data-e-type=\"column\" data-settings=\"{&quot;background_background&quot;:&quot;classic&quot;}\">\n\t\t\t<div class=\"elementor-widget-wrap elementor-element-populated\">\n\t\t\t\t\t\t<div class=\"elementor-element elementor-element-10d99d2 elementor-widget elementor-widget-heading\" data-id=\"10d99d2\" data-element_type=\"widget\" data-e-type=\"widget\" data-widget_type=\"heading.default\">\n\t\t\t\t<div class=\"elementor-widget-container\">\n\t\t\t\t\t<h2 class=\"elementor-heading-title elementor-size-default\">Facilities<\/h2>\t\t\t\t<\/div>\n\t\t\t\t<\/div>\n\t\t\t\t\t<\/div>\n\t\t<\/div>\n\t\t\t\t\t<\/div>\n\t\t<\/section>\n\t\t\t\t<section class=\"elementor-section elementor-top-section elementor-element elementor-element-b11235c elementor-section-boxed elementor-section-height-default elementor-section-height-default\" data-id=\"b11235c\" data-element_type=\"section\" data-e-type=\"section\">\n\t\t\t\t\t\t<div class=\"elementor-container elementor-column-gap-default\">\n\t\t\t\t\t<div class=\"elementor-column elementor-col-100 elementor-top-column elementor-element elementor-element-8afe007\" data-id=\"8afe007\" data-element_type=\"column\" data-e-type=\"column\">\n\t\t\t<div class=\"elementor-widget-wrap elementor-element-populated\">\n\t\t\t\t\t\t<div class=\"elementor-element elementor-element-921c87c elementor-widget elementor-widget-image\" data-id=\"921c87c\" data-element_type=\"widget\" data-e-type=\"widget\" data-widget_type=\"image.default\">\n\t\t\t\t<div class=\"elementor-widget-container\">\n\t\t\t\t\t\t\t\t\t\t\t\t<figure class=\"wp-caption\">\n\t\t\t\t\t\t\t\t\t\t<img fetchpriority=\"high\" decoding=\"async\" width=\"768\" height=\"576\" src=\"https:\/\/www.liveperformance.ro\/wp-content\/uploads\/2024\/09\/WhatsApp-Image-2024-09-04-at-19.44.11-768x576.jpeg\" class=\"attachment-medium_large size-medium_large wp-image-1743\" alt=\"\" srcset=\"https:\/\/www.liveperformance.ro\/wp-content\/uploads\/2024\/09\/WhatsApp-Image-2024-09-04-at-19.44.11-768x576.jpeg 768w, https:\/\/www.liveperformance.ro\/wp-content\/uploads\/2024\/09\/WhatsApp-Image-2024-09-04-at-19.44.11-300x225.jpeg 300w, https:\/\/www.liveperformance.ro\/wp-content\/uploads\/2024\/09\/WhatsApp-Image-2024-09-04-at-19.44.11-1024x768.jpeg 1024w, https:\/\/www.liveperformance.ro\/wp-content\/uploads\/2024\/09\/WhatsApp-Image-2024-09-04-at-19.44.11-1536x1152.jpeg 1536w, https:\/\/www.liveperformance.ro\/wp-content\/uploads\/2024\/09\/WhatsApp-Image-2024-09-04-at-19.44.11-16x12.jpeg 16w, https:\/\/www.liveperformance.ro\/wp-content\/uploads\/2024\/09\/WhatsApp-Image-2024-09-04-at-19.44.11.jpeg 1600w\" sizes=\"(max-width: 768px) 100vw, 768px\" \/>\t\t\t\t\t\t\t\t\t\t\t<figcaption class=\"widget-image-caption wp-caption-text\"> LP.StudioHub is a creative space, with a modern, industrial design that blends with the vintage, equipped with a Live Room, Control Room, Iso Booth and annexes. We offer our clients high comfort regardless of the season, the studio being equipped with air conditioning, heating, toilet, parking spaces, a lounge area (espresso coffee, hot and cold drinks, refrigerator, snacks, relaxation area, etc.<\/figcaption>\n\t\t\t\t\t\t\t\t\t\t<\/figure>\n\t\t\t\t\t\t\t\t\t<\/div>\n\t\t\t\t<\/div>\n\t\t\t\t<div class=\"elementor-element elementor-element-b4ccbee elementor-widget elementor-widget-text-editor\" data-id=\"b4ccbee\" data-element_type=\"widget\" data-e-type=\"widget\" data-widget_type=\"text-editor.default\">\n\t\t\t\t<div class=\"elementor-widget-container\">\n\t\t\t\t\t\t\t\t\t<div style=\"overflow: visible; margin: 11px 0px 15px; display: flex; width: auto; align-items: center; color: #000000; font-family: 'Plus Jakarta Sans', Arial, Helvetica, sans-serif;\">\n<h3 style=\"font-family: var(--h3_typography-font-family); font-weight: var(--h3_typography-font-weight); line-height: 1.18; letter-spacing: var(--h3_typography-letter-spacing); text-transform: var(--h3_typography-text-transform); font-style: var(--h3_typography-font-style,normal); font-size: var(--h3_typography-font-size); transition: 0.3s; display: table-cell; vertical-align: middle; --h3_typography-font-size: 28px; --fontsize: 28;\" data-fontsize=\"28\" data-lineheight=\"33.04px\">Live Room<\/h3>\n<\/div>\n<div style=\"clear: both; color: #000000; font-family: 'Plus Jakarta Sans', Arial, Helvetica, sans-serif;\"><span style=\"color: var(--awb-body-color); background-color: var(--ast-global-color-5); font-size: 1rem;\">The Live Room is a spacious 60 sq m room, with high-quality acoustic treatment, equipped with the instruments and equipment necessary for any type of session, for a quality sound, with direct access to the Control Room. In this space you can find the inspiration you need for your projects.<\/span><\/div>\n<div style=\"color: var(--awb-body-color); padding-left: var(--awb-content-padding-left); padding-right: var(--awb-content-padding-right); margin-bottom: 20px; font-family: 'Plus Jakarta Sans', Arial, Helvetica, sans-serif;\">&nbsp;<\/div>\n<div style=\"overflow: visible; margin: 11px 0px 15px; display: flex; width: auto; align-items: center; color: #000000; font-family: 'Plus Jakarta Sans', Arial, Helvetica, sans-serif;\">\n<h3 style=\"font-family: var(--h3_typography-font-family); font-weight: var(--h3_typography-font-weight); line-height: 1.18; letter-spacing: var(--h3_typography-letter-spacing); text-transform: var(--h3_typography-text-transform); font-style: var(--h3_typography-font-style,normal); font-size: var(--h3_typography-font-size); transition: 0.3s; display: table-cell; vertical-align: middle; --h3_typography-font-size: 28px; --fontsize: 28;\" data-fontsize=\"28\" data-lineheight=\"33.04px\">Control Room<\/h3>\n<\/div>\n<div style=\"color: var(--awb-body-color); padding-left: var(--awb-content-padding-left); padding-right: var(--awb-content-padding-right); margin-bottom: 20px; font-family: 'Plus Jakarta Sans', Arial, Helvetica, sans-serif;\">\n<p>The Control Room is the heart of the recording studio, the place where sound engineers and music producers manage and control all the technical aspects of the recording, mixing and mastering process. This room is designed to provide the best acoustic and technological conditions, ensuring faithful reproduction and precise control over the sound. The Control Room is acoustically treated to minimize reflections and ensure a clear and precise sound image. The Control Room is connected to other spaces of the studio, such as the recording room (Live Room) and the ISO Boot\/ Vocal Boot through soundproof windows and communication systems (talkback) that allow easy communication between the engineer and the artists.<\/p><p><br><\/p>\n<div style=\"overflow: visible; margin: 11px 0px 15px; display: flex; width: auto; align-items: center; color: #000000;\">\n<h3 style=\"font-family: var(--h3_typography-font-family); font-weight: var(--h3_typography-font-weight); line-height: 1.18; letter-spacing: var(--h3_typography-letter-spacing); text-transform: var(--h3_typography-text-transform); font-style: var(--h3_typography-font-style,normal); font-size: var(--h3_typography-font-size); transition: 0.3s; display: table-cell; vertical-align: middle; --h3_typography-font-size: 28px; --fontsize: 28;\" data-fontsize=\"28\" data-lineheight=\"33.04px\"><br><\/h3><h3 style=\"font-family: var(--h3_typography-font-family); font-weight: var(--h3_typography-font-weight); line-height: 1.18; letter-spacing: var(--h3_typography-letter-spacing); text-transform: var(--h3_typography-text-transform); font-style: var(--h3_typography-font-style,normal); font-size: var(--h3_typography-font-size); transition: 0.3s; display: table-cell; vertical-align: middle; --h3_typography-font-size: 28px; --fontsize: 28;\" data-fontsize=\"28\" data-lineheight=\"33.04px\"><br><\/h3><h3 style=\"font-family: var(--h3_typography-font-family); font-weight: var(--h3_typography-font-weight); line-height: 1.18; letter-spacing: var(--h3_typography-letter-spacing); text-transform: var(--h3_typography-text-transform); font-style: var(--h3_typography-font-style,normal); font-size: var(--h3_typography-font-size); transition: 0.3s; display: table-cell; vertical-align: middle; --h3_typography-font-size: 28px; --fontsize: 28;\" data-fontsize=\"28\" data-lineheight=\"33.04px\"><br><\/h3><h3 style=\"font-family: var(--h3_typography-font-family); font-weight: var(--h3_typography-font-weight); line-height: 1.18; letter-spacing: var(--h3_typography-letter-spacing); text-transform: var(--h3_typography-text-transform); font-style: var(--h3_typography-font-style,normal); font-size: var(--h3_typography-font-size); transition: 0.3s; display: table-cell; vertical-align: middle; --h3_typography-font-size: 28px; --fontsize: 28;\" data-fontsize=\"28\" data-lineheight=\"33.04px\">ISO Booth\/ Vocal Booth<\/h3>\n<\/div>\n<div style=\"clear: both; color: #000000;\"><span style=\"font-style: inherit; font-weight: inherit; color: var(--awb-body-color); background-color: var(--ast-global-color-5);\">ISO Booth\/ Vocal Booth is an acoustically isolated room, specially designed to record vocals or other solo instruments with superior audio quality. This isolated room or space ensures clean sound capture, without background noise, echo or other interference that could affect the recording, to ensure a clear and natural sound. It is designed as an inspirational space, personalized with materials and decorations that help create an optimal mood for performance.<\/span><\/div>\n<\/div>\t\t\t\t\t\t\t\t<\/div>\n\t\t\t\t<\/div>\n\t\t\t\t\t<\/div>\n\t\t<\/div>\n\t\t\t\t\t<\/div>\n\t\t<\/section>\n\t\t\t\t<\/div>","protected":false},"excerpt":{"rendered":"<p>Facilit\u0103\u021bi LP.StudioHub este un spa\u021biu creativ, cu un design modern, industrial ce se \u00eembin\u0103 cu cel vintage, dotat cu un Live Room, Control Room, Iso Booth \u0219i anexe. Oferim clien\u021bilor no\u0219tri un confort ridicat indiferent de anotimp, studioul fiind dotat cu aer condi\u021bionat, \u00eenc\u0103lzire, toalet\u0103, locuri de parcare, o zon\u0103 de lounge (espressor cafea, b\u0103uturi [&hellip;]<\/p>\n","protected":false},"author":3,"featured_media":0,"parent":0,"menu_order":0,"comment_status":"closed","ping_status":"closed","template":"elementor_canvas","meta":{"site-sidebar-layout":"no-sidebar","site-content-layout":"page-builder","ast-site-content-layout":"default","site-content-style":"default","site-sidebar-style":"default","ast-global-header-display":"","ast-banner-title-visibility":"","ast-main-header-display":"","ast-hfb-above-header-display":"","ast-hfb-below-header-display":"","ast-hfb-mobile-header-display":"","site-post-title":"disabled","ast-breadcrumbs-content":"","ast-featured-img":"disabled","footer-sml-layout":"","ast-disable-related-posts":"","theme-transparent-header-meta":"","adv-header-id-meta":"","stick-header-meta":"","header-above-stick-meta":"","header-main-stick-meta":"","header-below-stick-meta":"","astra-migrate-meta-layouts":"default","ast-page-background-enabled":"default","ast-page-background-meta":{"desktop":{"background-color":"var(--ast-global-color-4)","background-image":"","background-repeat":"repeat","background-position":"center center","background-size":"auto","background-attachment":"scroll","background-type":"","background-media":"","overlay-type":"","overlay-color":"","overlay-opacity":"","overlay-gradient":""},"tablet":{"background-color":"","background-image":"","background-repeat":"repeat","background-position":"center center","background-size":"auto","background-attachment":"scroll","background-type":"","background-media":"","overlay-type":"","overlay-color":"","overlay-opacity":"","overlay-gradient":""},"mobile":{"background-color":"","background-image":"","background-repeat":"repeat","background-position":"center center","background-size":"auto","background-attachment":"scroll","background-type":"","background-media":"","overlay-type":"","overlay-color":"","overlay-opacity":"","overlay-gradient":""}},"ast-content-background-meta":{"desktop":{"background-color":"var(--ast-global-color-5)","background-image":"","background-repeat":"repeat","background-position":"center center","background-size":"auto","background-attachment":"scroll","background-type":"","background-media":"","overlay-type":"","overlay-color":"","overlay-opacity":"","overlay-gradient":""},"tablet":{"background-color":"var(--ast-global-color-5)","background-image":"","background-repeat":"repeat","background-position":"center center","background-size":"auto","background-attachment":"scroll","background-type":"","background-media":"","overlay-type":"","overlay-color":"","overlay-opacity":"","overlay-gradient":""},"mobile":{"background-color":"var(--ast-global-color-5)","background-image":"","background-repeat":"repeat","background-position":"center center","background-size":"auto","background-attachment":"scroll","background-type":"","background-media":"","overlay-type":"","overlay-color":"","overlay-opacity":"","overlay-gradient":""}},"footnotes":""},"class_list":["post-1731","page","type-page","status-publish","hentry"],"_links":{"self":[{"href":"https:\/\/www.liveperformance.ro\/en\/wp-json\/wp\/v2\/pages\/1731","targetHints":{"allow":["GET"]}}],"collection":[{"href":"https:\/\/www.liveperformance.ro\/en\/wp-json\/wp\/v2\/pages"}],"about":[{"href":"https:\/\/www.liveperformance.ro\/en\/wp-json\/wp\/v2\/types\/page"}],"author":[{"embeddable":true,"href":"https:\/\/www.liveperformance.ro\/en\/wp-json\/wp\/v2\/users\/3"}],"replies":[{"embeddable":true,"href":"https:\/\/www.liveperformance.ro\/en\/wp-json\/wp\/v2\/comments?post=1731"}],"version-history":[{"count":122,"href":"https:\/\/www.liveperformance.ro\/en\/wp-json\/wp\/v2\/pages\/1731\/revisions"}],"predecessor-version":[{"id":1882,"href":"https:\/\/www.liveperformance.ro\/en\/wp-json\/wp\/v2\/pages\/1731\/revisions\/1882"}],"wp:attachment":[{"href":"https:\/\/www.liveperformance.ro\/en\/wp-json\/wp\/v2\/media?parent=1731"}],"curies":[{"name":"wp","href":"https:\/\/api.w.org\/{rel}","templated":true}]}}