{"id":1632,"date":"2023-05-16T20:22:56","date_gmt":"2023-05-16T20:22:56","guid":{"rendered":"https:\/\/www.liveperformance.ro\/?page_id=1632"},"modified":"2025-02-02T13:30:50","modified_gmt":"2025-02-02T11:30:50","slug":"servicii-audio-tehnice-pentru-spectacole-live","status":"publish","type":"page","link":"https:\/\/www.liveperformance.ro\/en\/servicii\/servicii-audio-tehnice-pentru-spectacole-live\/","title":{"rendered":"Technical audio services for live performances"},"content":{"rendered":"<style>\/*! elementor - v3.12.1 - 02-04-2023 *\/\n.elementor-heading-title{padding:0;margin:0;line-height:1}.elementor-widget-heading .elementor-heading-title[class*=elementor-size-]>a{color:inherit;font-size:inherit;line-height:inherit}.elementor-widget-heading .elementor-heading-title.elementor-size-small{font-size:15px}.elementor-widget-heading .elementor-heading-title.elementor-size-medium{font-size:19px}.elementor-widget-heading .elementor-heading-title.elementor-size-large{font-size:29px}.elementor-widget-heading .elementor-heading-title.elementor-size-xl{font-size:39px}.elementor-widget-heading .elementor-heading-title.elementor-size-xxl{font-size:59px}<\/style>\n<h1>Servicii audio tehnice<br \/>\npentru spectacole live<\/h1>\n<style>\/*! elementor - v3.12.1 - 02-04-2023 *\/\n.elementor-widget-image{text-align:center}.elementor-widget-image a{display:inline-block}.elementor-widget-image a img[src$=\".svg\"]{width:48px}.elementor-widget-image img{vertical-align:middle;display:inline-block}<\/style>\n<p>\t\t\t\t\t\t\t\t\t\t\t\t<img loading=\"lazy\" decoding=\"async\" width=\"370\" height=\"500\" src=\"https:\/\/www.liveperformance.ro\/wp-content\/uploads\/2023\/04\/service-2-ro-Copy-Copy-2.jpg\" alt=\"\" loading=\"lazy\" srcset=\"https:\/\/www.liveperformance.ro\/wp-content\/uploads\/2023\/04\/service-2-ro-Copy-Copy-2.jpg 370w, https:\/\/www.liveperformance.ro\/wp-content\/uploads\/2023\/04\/service-2-ro-Copy-Copy-2-222x300.jpg 222w, https:\/\/www.liveperformance.ro\/wp-content\/uploads\/2023\/04\/service-2-ro-Copy-Copy-2-9x12.jpg 9w\" sizes=\"auto, (max-width: 370px) 100vw, 370px\" \/>\t\t\t\t\t\t\t\t\t\t\t\t\t\t\t<\/p>\n<h4>Servicii audio tehnice pentru spectacole live<\/h4>\n<p>Experien\u021ba ta live este amplificat\u0103 de serviciul nostru audio tehnic. Cu sunet impecabil \u0219i echilibru perfect, aducem o atmosfer\u0103 captivant\u0103 \u00een fiecare spectacol. Echipa noastr\u0103 \u0219i echipamentele de top garanteaz\u0103 succesul evenimentului t\u0103u.<\/p>\n<p>\u00a0<\/p>\n<p>Indiferent de genul sau dimensiunea spectacolului, suntem aici s\u0103 transform\u0103m viziunea ta \u00eentr-o realitate sonor\u0103 uluitoare.<\/p>\n<h3>From $99<\/h3>\n<p>\t\t\t<a href=\"tel:0732594639\" role=\"button\"><br \/>\n\t\t\t\t\t\tSun\u0103 pentru detalii<br \/>\n\t\t\t\t\t<\/a><\/p>\n","protected":false},"excerpt":{"rendered":"<p>Servicii audio tehnice pentru spectacole live Servicii audio tehnice pentru spectacole live Experien\u021ba ta live este amplificat\u0103 de serviciul nostru audio tehnic. Cu sunet impecabil \u0219i echilibru perfect, aducem o atmosfer\u0103 captivant\u0103 \u00een fiecare spectacol. Echipa noastr\u0103 \u0219i echipamentele de top garanteaz\u0103 succesul evenimentului t\u0103u. \u00a0 Indiferent de genul sau dimensiunea spectacolului, suntem aici s\u0103 [&hellip;]<\/p>\n","protected":false},"author":1,"featured_media":0,"parent":15,"menu_order":0,"comment_status":"closed","ping_status":"closed","template":"","meta":{"site-sidebar-layout":"no-sidebar","site-content-layout":"page-builder","ast-site-content-layout":"default","site-content-style":"default","site-sidebar-style":"default","ast-global-header-display":"","ast-banner-title-visibility":"","ast-main-header-display":"","ast-hfb-above-header-display":"","ast-hfb-below-header-display":"","ast-hfb-mobile-header-display":"","site-post-title":"disabled","ast-breadcrumbs-content":"","ast-featured-img":"disabled","footer-sml-layout":"","ast-disable-related-posts":"","theme-transparent-header-meta":"","adv-header-id-meta":"","stick-header-meta":"","header-above-stick-meta":"","header-main-stick-meta":"","header-below-stick-meta":"","astra-migrate-meta-layouts":"default","ast-page-background-enabled":"default","ast-page-background-meta":{"desktop":{"background-color":"var(--ast-global-color-4)","background-image":"","background-repeat":"repeat","background-position":"center center","background-size":"auto","background-attachment":"scroll","background-type":"","background-media":"","overlay-type":"","overlay-color":"","overlay-opacity":"","overlay-gradient":""},"tablet":{"background-color":"","background-image":"","background-repeat":"repeat","background-position":"center center","background-size":"auto","background-attachment":"scroll","background-type":"","background-media":"","overlay-type":"","overlay-color":"","overlay-opacity":"","overlay-gradient":""},"mobile":{"background-color":"","background-image":"","background-repeat":"repeat","background-position":"center center","background-size":"auto","background-attachment":"scroll","background-type":"","background-media":"","overlay-type":"","overlay-color":"","overlay-opacity":"","overlay-gradient":""}},"ast-content-background-meta":{"desktop":{"background-color":"var(--ast-global-color-5)","background-image":"","background-repeat":"repeat","background-position":"center center","background-size":"auto","background-attachment":"scroll","background-type":"","background-media":"","overlay-type":"","overlay-color":"","overlay-opacity":"","overlay-gradient":""},"tablet":{"background-color":"var(--ast-global-color-5)","background-image":"","background-repeat":"repeat","background-position":"center center","background-size":"auto","background-attachment":"scroll","background-type":"","background-media":"","overlay-type":"","overlay-color":"","overlay-opacity":"","overlay-gradient":""},"mobile":{"background-color":"var(--ast-global-color-5)","background-image":"","background-repeat":"repeat","background-position":"center center","background-size":"auto","background-attachment":"scroll","background-type":"","background-media":"","overlay-type":"","overlay-color":"","overlay-opacity":"","overlay-gradient":""}},"footnotes":""},"class_list":["post-1632","page","type-page","status-publish","hentry"],"_links":{"self":[{"href":"https:\/\/www.liveperformance.ro\/en\/wp-json\/wp\/v2\/pages\/1632","targetHints":{"allow":["GET"]}}],"collection":[{"href":"https:\/\/www.liveperformance.ro\/en\/wp-json\/wp\/v2\/pages"}],"about":[{"href":"https:\/\/www.liveperformance.ro\/en\/wp-json\/wp\/v2\/types\/page"}],"author":[{"embeddable":true,"href":"https:\/\/www.liveperformance.ro\/en\/wp-json\/wp\/v2\/users\/1"}],"replies":[{"embeddable":true,"href":"https:\/\/www.liveperformance.ro\/en\/wp-json\/wp\/v2\/comments?post=1632"}],"version-history":[{"count":16,"href":"https:\/\/www.liveperformance.ro\/en\/wp-json\/wp\/v2\/pages\/1632\/revisions"}],"predecessor-version":[{"id":1729,"href":"https:\/\/www.liveperformance.ro\/en\/wp-json\/wp\/v2\/pages\/1632\/revisions\/1729"}],"up":[{"embeddable":true,"href":"https:\/\/www.liveperformance.ro\/en\/wp-json\/wp\/v2\/pages\/15"}],"wp:attachment":[{"href":"https:\/\/www.liveperformance.ro\/en\/wp-json\/wp\/v2\/media?parent=1632"}],"curies":[{"name":"wp","href":"https:\/\/api.w.org\/{rel}","templated":true}]}}